{"id":2849,"date":"2022-03-08T23:50:06","date_gmt":"2022-03-08T22:50:06","guid":{"rendered":"http:\/\/www.alliance-animale.ch\/pelz-stopfleber-initiative\/"},"modified":"2024-07-11T00:14:09","modified_gmt":"2024-07-10T22:14:09","slug":"pelz-stopfleber-initiative","status":"publish","type":"page","link":"https:\/\/alliance-animale.ch\/de\/pelz-stopfleber-initiative\/","title":{"rendered":"pelz-stopfleber initiative"},"content":{"rendered":"<p>[et_pb_section fb_built=&#8220;1&#8243; fullwidth=&#8220;on&#8220; _builder_version=&#8220;4.16&#8243; _module_preset=&#8220;default&#8220; global_colors_info=&#8220;{}&#8220;][et_pb_fullwidth_image src=&#8220;https:\/\/alliance-animale.ch\/wp-content\/uploads\/2022\/03\/2022-03-Cover-FB-Pelz-Stopfleber-de.jpg&#8220; title_text=&#8220;2022-03-Cover-FB-Pelz-Stopfleber-de&#8220; _builder_version=&#8220;4.17.4&#8243; _module_preset=&#8220;default&#8220; global_colors_info=&#8220;{}&#8220;][\/et_pb_fullwidth_image][\/et_pb_section][et_pb_section fb_built=&#8220;1&#8243; _builder_version=&#8220;4.16&#8243; _module_preset=&#8220;default&#8220; global_colors_info=&#8220;{}&#8220;][et_pb_row _builder_version=&#8220;4.17.4&#8243; _module_preset=&#8220;default&#8220; custom_margin=&#8220;|auto|-34px|auto||&#8220; hover_enabled=&#8220;0&#8243; global_colors_info=&#8220;{}&#8220; sticky_enabled=&#8220;0&#8243;][et_pb_column type=&#8220;4_4&#8243; _builder_version=&#8220;4.16&#8243; _module_preset=&#8220;default&#8220; global_colors_info=&#8220;{}&#8220;][et_pb_text _builder_version=&#8220;4.17.4&#8243; _module_preset=&#8220;default&#8220; global_colors_info=&#8220;{}&#8220;]<\/p>\n<h1><strong>Initiativen Importverbot f\u00fcr Foie gras und Pelzprodukte beglaubigt<\/strong><\/h1>\n<p>[\/et_pb_text][et_pb_text _builder_version=&#8220;4.17.4&#8243; _module_preset=&#8220;default&#8220; text_font_size=&#8220;18px&#8220; text_line_height=&#8220;1.8em&#8220; hover_enabled=&#8220;0&#8243; global_colors_info=&#8220;{}&#8220; sticky_enabled=&#8220;0&#8243;]<strong>20 Februar 2024 &#8211; Wir freuen uns, Ihnen mitteilen zu k\u00f6nnen, dass die beiden Initiativen f\u00fcr ein Importverbot von Pelzen und Stopfleber von misshandelten Tieren zustande gekommen sind. <\/strong><\/p>\n<p>Die erforderlichen Unterschriften wurden am 28. Dezember 2023 bei der Bundeskanzlei eingereicht und am 20. Februar 2024 best\u00e4tigt. Laut Bundeskanzlei wurden f\u00fcr die<\/p>\n<ul>\n<li>Pelzinitiative 113\u2019474 g\u00fcltige Unterschriften beglaubigt,<\/li>\n<li>Stopfleber-Initiative 102\u2018478 g\u00fcltige Unterschriften beglaubigt.<\/li>\n<\/ul>\n<p>Wir danken allen, die Unterschriften f\u00fcr diese Initiativen geleistet bzw. gesammelt haben.<\/p>\n<p><strong>Lanciert wurden die beiden Volksinitiativen von Alliance Animale Suisse, einem nicht gewinnorientierten Verein. Die Allianz wurde getragen von der Stiftung Animal Trust und Association Animal Equit\u00e9.<\/strong><br \/>\nUnterst\u00fctzt wurde die Sammlung von rund <a href=\"https:\/\/pelz-initiative.ch\/de\/unterstuetzung\/\" target=\"_blank\" rel=\"noopener\">20 weiteren Organisationen<\/a> wie Schweiz, Wildtierschutz, ATRA, Swissveg, Animal Rights Switzerland, VgT, Sos Chats, Stop Gavage und dem Freiburg Tierschutzverein\/SPA-Fribourg. Alle Schweizer Tierschutzorganisationen stehen ebenfalls offiziell hinter dieser Initiative.<\/p>\n<p>Gem\u00e4ss <a href=\"https:\/\/www.fedlex.admin.ch\/eli\/cc\/2003\/510\/fr#a97\" target=\"_blank\" rel=\"noopener\">Artikel 97 des Parlamentsgesetzes<\/a> wird der Bundesrat in den n\u00e4chsten 12 bis max. 18 Monaten der Bundesversammlung eine Botschaft und den Entwurf eines Bundesbeschlusses unterbreiten.<\/p>\n<h3><strong>Importverbot f\u00fcr tierqu\u00e4lerisch erzeugte Pelzprodukte<\/strong><\/h3>\n<p>Unsere Initiative fordert ein Einfuhrverbot von Pelzprodukten, die von misshandelten Tieren stammen. J\u00e4hrlich werden etwa 350 Tonnen Pelze in die Schweiz importiert, wobei die H\u00e4lfte aus China stammt. Allein f\u00fcr die in die Schweiz j\u00e4hrlich eingef\u00fchrten Pelze werden 1.5 Millionen Tiere zu Lebzeiten gequ\u00e4lt. Sie werden grausam vergast, durch Elektroschocks an den Genitalien get\u00f6tet oder lebendig geh\u00e4utet.<\/p>\n<p>Zwar haben viele grosse Modefirmen sich vom Pelzprodukten wie M\u00e4ntel verabschiedet, aber als Accessoire (Kapuzenbesatz, Stulpen, Handschuhe, Bommel, Taschen) werden sie noch immer verkauft.<\/p>\n<p>Die Initiative gegen ein Importverbot von tierqu\u00e4lerisch erzeugten Pelzprodukten ist mit den internationalen Handelsverpflichtungen der Schweiz vereinbar. Alle Abkommen sehen Ausnahmen f\u00fcr Massnahmen vor, die zum Schutz der \u00f6ffentlichen Sittlichkeit und des Lebens oder der Gesundheit von Tieren erforderlich sind.<\/p>\n<p>Die Fellverarbeitung von Schweizer Nutztieren (z.B. K\u00fche, Schafe) oder rechtm\u00e4ssig erlegten Jagdwild (z.B. F\u00fcchse) f\u00e4llt nicht unter diese Bestimmung, die von der Initiative gefordert wird.<\/p>\n<p>Weitere Informationen wie Initiativtext und Antworten zu FAQ zu unserem Vorstoss finden Sie auf der <a href=\"https:\/\/pelz-initiative.ch\/de\/initiative\/\" target=\"_blank\" rel=\"noopener\">Seite der Pelzinitiative<\/a>.<\/p>\n<h3><strong>Importverbot f\u00fcr Stopfleber und Stopfleberprodukte<\/strong><\/h3>\n<p>Die Stopfleber-Initiative k\u00e4mpft gegen die Einfuhr von Stopfleber bzw. von vergleichbaren Produkten, die durch Zwangsf\u00fctterung von Tieren gewonnen wurden. Obwohl Mastpraktiken wie das Stopfen von G\u00e4nsen und Enten in der Schweiz seit \u00fcber 40 Jahren verboten sind, importiert unser Land jedes Jahr etwa 200 Tonnen Stopfleber. Daf\u00fcr werden 12\u2019000 G\u00e4nse und 400\u2019000 Enten in enge Batteriek\u00e4fige eingepfercht, mehrmals t\u00e4glich zwangsgef\u00fcttert und schliesslich get\u00f6tet. Sie leiden, nur damit die Nachfrage des Handels und der Konsumenten in unserem Land nach der Luxusdelikatesse Foie gras befriedigt werden kann.<\/p>\n<p>Der Produktname &#8222;Foie gras&#8220; ist durch die franz\u00f6sische und europ\u00e4ische Gesetzgebung gesch\u00fctzt, wodurch das Erzeugnis zu einem h\u00f6heren Preis verkauft werden kann. Als Foie gras d\u00fcrfen nur Produkte bezeichnet werden, die aus Leber von zwangsgef\u00fctterten Tieren in Stopfhaltung verarbeitet wurden. Auch in Frankreich, dem f\u00fchrenden Herkunftsland von Foie gras, <a href=\"https:\/\/www.francebleu.fr\/infos\/agriculture-peche\/une-productrice-alsacienne-se-lance-dans-le-foie-gras-sans-gavage-9677971\" target=\"_blank\" rel=\"noopener\">gibt es Landwirte<\/a>, die G\u00e4nse- und Entenleber produzieren, ohne dass die Tiere unter Zwang gem\u00e4stet wurden. Sie nutzen die nat\u00fcrliche Neigung der G\u00e4nse und Enten vor dem Vogelzug \u00fcberreichlich zu fressen.<\/p>\n<p>Der Produktname &#8222;Foie gras&#8220; ist durch die franz\u00f6sische und europ\u00e4ische Gesetzgebung gesch\u00fctzt, wodurch das Erzeugnis zu einem h\u00f6heren Preis verkauft werden kann.<\/p>\n<p>Produkte, die der Stopfleber \u00e4hnlich sind, bei denen aber keine Tiere zwangsgestopft werden, d\u00fcrfen auch bei Annahme der Initiative weiterhin in der Schweiz vermarktet werden. Dazu geh\u00f6ren beispielsweise Produkte wie die <a href=\"https:\/\/www.labeyrie.be\/fr\/nos-produits\/foie-fin\/foie-fin-canard\" target=\"_blank\" rel=\"noopener\">&#8222;Foie fine&#8220;<\/a> der Marke Labeyrie oder die vom Sternekoch Tobias Sudhoff entwickelte <a href=\"https:\/\/happyfoie.com\/\" target=\"_blank\" rel=\"noopener\">&#8222;Happy Foie&#8220;<\/a>.<\/p>\n<p>Da das Einfuhrverbot nur auf Importprodukte abzielt, deren Herstellung in der Schweiz verboten ist, steht diese Bestimmung im Einklang mit den von unserem Land ratifizierten Handelsabkommen.<\/p>\n<p>Weitere Informationen wie Initiativtext und Antworten zu FAQ zu unserem Vorstoss finden Sie auf der <a href=\"https:\/\/stopfleber-initiative.ch\/de\/initiative\/\" target=\"_blank\" rel=\"noopener\">Seite der Stopfleber-Initiative<\/a>.[\/et_pb_text][\/et_pb_column][\/et_pb_row][\/et_pb_section]<\/p>\n","protected":false},"excerpt":{"rendered":"<p>Initiativen Importverbot f\u00fcr Foie gras und Pelzprodukte beglaubigt20 Februar 2024 &#8211; Wir freuen uns, Ihnen mitteilen zu k\u00f6nnen, dass die beiden Initiativen f\u00fcr ein Importverbot von Pelzen und Stopfleber von misshandelten Tieren zustande gekommen sind. Die erforderlichen Unterschriften wurden am 28. Dezember 2023 bei der Bundeskanzlei eingereicht und am 20. Februar 2024 best\u00e4tigt. Laut Bundeskanzlei [&hellip;]<\/p>\n","protected":false},"author":2,"featured_media":0,"parent":0,"menu_order":0,"comment_status":"closed","ping_status":"closed","template":"","meta":{"_et_pb_use_builder":"on","_et_pb_old_content":"","_et_gb_content_width":"","footnotes":""},"class_list":["post-2849","page","type-page","status-publish","hentry"],"yoast_head":"<!-- This site is optimized with the Yoast SEO plugin v24.4 - https:\/\/yoast.com\/wordpress\/plugins\/seo\/ -->\n<title>pelz-stopfleber initiative - Alliance animale<\/title>\n<meta name=\"robots\" content=\"index, follow, max-snippet:-1, max-image-preview:large, max-video-preview:-1\" \/>\n<link rel=\"canonical\" href=\"https:\/\/alliance-animale.ch\/de\/pelz-stopfleber-initiative\/\" \/>\n<meta property=\"og:locale\" content=\"de_DE\" \/>\n<meta property=\"og:type\" content=\"article\" \/>\n<meta property=\"og:title\" content=\"pelz-stopfleber initiative - Alliance animale\" \/>\n<meta property=\"og:description\" content=\"Initiativen Importverbot f\u00fcr Foie gras und Pelzprodukte beglaubigt20 Februar 2024 - Wir freuen uns, Ihnen mitteilen zu k\u00f6nnen, dass die beiden Initiativen f\u00fcr ein Importverbot von Pelzen und Stopfleber von misshandelten Tieren zustande gekommen sind. Die erforderlichen Unterschriften wurden am 28. Dezember 2023 bei der Bundeskanzlei eingereicht und am 20. Februar 2024 best\u00e4tigt. Laut Bundeskanzlei [&hellip;]\" \/>\n<meta property=\"og:url\" content=\"https:\/\/alliance-animale.ch\/de\/pelz-stopfleber-initiative\/\" \/>\n<meta property=\"og:site_name\" content=\"Alliance animale\" \/>\n<meta property=\"article:publisher\" content=\"https:\/\/www.facebook.com\/allianceanimalesuisse\" \/>\n<meta property=\"article:modified_time\" content=\"2024-07-10T22:14:09+00:00\" \/>\n<meta name=\"twitter:card\" content=\"summary_large_image\" \/>\n<meta name=\"twitter:label1\" content=\"Gesch\u00e4tzte Lesezeit\" \/>\n\t<meta name=\"twitter:data1\" content=\"4\u00a0Minuten\" \/>\n<script type=\"application\/ld+json\" class=\"yoast-schema-graph\">{\"@context\":\"https:\/\/schema.org\",\"@graph\":[{\"@type\":\"WebPage\",\"@id\":\"https:\/\/alliance-animale.ch\/de\/pelz-stopfleber-initiative\/\",\"url\":\"https:\/\/alliance-animale.ch\/de\/pelz-stopfleber-initiative\/\",\"name\":\"pelz-stopfleber initiative - Alliance animale\",\"isPartOf\":{\"@id\":\"https:\/\/alliance-animale.ch\/#website\"},\"datePublished\":\"2022-03-08T22:50:06+00:00\",\"dateModified\":\"2024-07-10T22:14:09+00:00\",\"breadcrumb\":{\"@id\":\"https:\/\/alliance-animale.ch\/de\/pelz-stopfleber-initiative\/#breadcrumb\"},\"inLanguage\":\"de\",\"potentialAction\":[{\"@type\":\"ReadAction\",\"target\":[\"https:\/\/alliance-animale.ch\/de\/pelz-stopfleber-initiative\/\"]}]},{\"@type\":\"BreadcrumbList\",\"@id\":\"https:\/\/alliance-animale.ch\/de\/pelz-stopfleber-initiative\/#breadcrumb\",\"itemListElement\":[{\"@type\":\"ListItem\",\"position\":1,\"name\":\"Accueil\",\"item\":\"https:\/\/alliance-animale.ch\/de\/\"},{\"@type\":\"ListItem\",\"position\":2,\"name\":\"pelz-stopfleber initiative\"}]},{\"@type\":\"WebSite\",\"@id\":\"https:\/\/alliance-animale.ch\/#website\",\"url\":\"https:\/\/alliance-animale.ch\/\",\"name\":\"Alliance animale\",\"description\":\"\",\"publisher\":{\"@id\":\"https:\/\/alliance-animale.ch\/#organization\"},\"potentialAction\":[{\"@type\":\"SearchAction\",\"target\":{\"@type\":\"EntryPoint\",\"urlTemplate\":\"https:\/\/alliance-animale.ch\/?s={search_term_string}\"},\"query-input\":{\"@type\":\"PropertyValueSpecification\",\"valueRequired\":true,\"valueName\":\"search_term_string\"}}],\"inLanguage\":\"de\"},{\"@type\":\"Organization\",\"@id\":\"https:\/\/alliance-animale.ch\/#organization\",\"name\":\"Alliance animale suisse\",\"url\":\"https:\/\/alliance-animale.ch\/\",\"logo\":{\"@type\":\"ImageObject\",\"inLanguage\":\"de\",\"@id\":\"https:\/\/alliance-animale.ch\/#\/schema\/logo\/image\/\",\"url\":\"https:\/\/alliance-animale.ch\/wp-content\/uploads\/2020\/03\/cropped-cropped-aas-logo_200x150-2.png\",\"contentUrl\":\"https:\/\/alliance-animale.ch\/wp-content\/uploads\/2020\/03\/cropped-cropped-aas-logo_200x150-2.png\",\"width\":512,\"height\":512,\"caption\":\"Alliance animale suisse\"},\"image\":{\"@id\":\"https:\/\/alliance-animale.ch\/#\/schema\/logo\/image\/\"},\"sameAs\":[\"https:\/\/www.facebook.com\/allianceanimalesuisse\"]}]}<\/script>\n<!-- \/ Yoast SEO plugin. -->","yoast_head_json":{"title":"pelz-stopfleber initiative - Alliance animale","robots":{"index":"index","follow":"follow","max-snippet":"max-snippet:-1","max-image-preview":"max-image-preview:large","max-video-preview":"max-video-preview:-1"},"canonical":"https:\/\/alliance-animale.ch\/de\/pelz-stopfleber-initiative\/","og_locale":"de_DE","og_type":"article","og_title":"pelz-stopfleber initiative - Alliance animale","og_description":"Initiativen Importverbot f\u00fcr Foie gras und Pelzprodukte beglaubigt20 Februar 2024 - Wir freuen uns, Ihnen mitteilen zu k\u00f6nnen, dass die beiden Initiativen f\u00fcr ein Importverbot von Pelzen und Stopfleber von misshandelten Tieren zustande gekommen sind. Die erforderlichen Unterschriften wurden am 28. Dezember 2023 bei der Bundeskanzlei eingereicht und am 20. Februar 2024 best\u00e4tigt. Laut Bundeskanzlei [&hellip;]","og_url":"https:\/\/alliance-animale.ch\/de\/pelz-stopfleber-initiative\/","og_site_name":"Alliance animale","article_publisher":"https:\/\/www.facebook.com\/allianceanimalesuisse","article_modified_time":"2024-07-10T22:14:09+00:00","twitter_card":"summary_large_image","twitter_misc":{"Gesch\u00e4tzte Lesezeit":"4\u00a0Minuten"},"schema":{"@context":"https:\/\/schema.org","@graph":[{"@type":"WebPage","@id":"https:\/\/alliance-animale.ch\/de\/pelz-stopfleber-initiative\/","url":"https:\/\/alliance-animale.ch\/de\/pelz-stopfleber-initiative\/","name":"pelz-stopfleber initiative - Alliance animale","isPartOf":{"@id":"https:\/\/alliance-animale.ch\/#website"},"datePublished":"2022-03-08T22:50:06+00:00","dateModified":"2024-07-10T22:14:09+00:00","breadcrumb":{"@id":"https:\/\/alliance-animale.ch\/de\/pelz-stopfleber-initiative\/#breadcrumb"},"inLanguage":"de","potentialAction":[{"@type":"ReadAction","target":["https:\/\/alliance-animale.ch\/de\/pelz-stopfleber-initiative\/"]}]},{"@type":"BreadcrumbList","@id":"https:\/\/alliance-animale.ch\/de\/pelz-stopfleber-initiative\/#breadcrumb","itemListElement":[{"@type":"ListItem","position":1,"name":"Accueil","item":"https:\/\/alliance-animale.ch\/de\/"},{"@type":"ListItem","position":2,"name":"pelz-stopfleber initiative"}]},{"@type":"WebSite","@id":"https:\/\/alliance-animale.ch\/#website","url":"https:\/\/alliance-animale.ch\/","name":"Alliance animale","description":"","publisher":{"@id":"https:\/\/alliance-animale.ch\/#organization"},"potentialAction":[{"@type":"SearchAction","target":{"@type":"EntryPoint","urlTemplate":"https:\/\/alliance-animale.ch\/?s={search_term_string}"},"query-input":{"@type":"PropertyValueSpecification","valueRequired":true,"valueName":"search_term_string"}}],"inLanguage":"de"},{"@type":"Organization","@id":"https:\/\/alliance-animale.ch\/#organization","name":"Alliance animale suisse","url":"https:\/\/alliance-animale.ch\/","logo":{"@type":"ImageObject","inLanguage":"de","@id":"https:\/\/alliance-animale.ch\/#\/schema\/logo\/image\/","url":"https:\/\/alliance-animale.ch\/wp-content\/uploads\/2020\/03\/cropped-cropped-aas-logo_200x150-2.png","contentUrl":"https:\/\/alliance-animale.ch\/wp-content\/uploads\/2020\/03\/cropped-cropped-aas-logo_200x150-2.png","width":512,"height":512,"caption":"Alliance animale suisse"},"image":{"@id":"https:\/\/alliance-animale.ch\/#\/schema\/logo\/image\/"},"sameAs":["https:\/\/www.facebook.com\/allianceanimalesuisse"]}]}},"_links":{"self":[{"href":"https:\/\/alliance-animale.ch\/de\/wp-json\/wp\/v2\/pages\/2849","targetHints":{"allow":["GET"]}}],"collection":[{"href":"https:\/\/alliance-animale.ch\/de\/wp-json\/wp\/v2\/pages"}],"about":[{"href":"https:\/\/alliance-animale.ch\/de\/wp-json\/wp\/v2\/types\/page"}],"author":[{"embeddable":true,"href":"https:\/\/alliance-animale.ch\/de\/wp-json\/wp\/v2\/users\/2"}],"replies":[{"embeddable":true,"href":"https:\/\/alliance-animale.ch\/de\/wp-json\/wp\/v2\/comments?post=2849"}],"version-history":[{"count":16,"href":"https:\/\/alliance-animale.ch\/de\/wp-json\/wp\/v2\/pages\/2849\/revisions"}],"predecessor-version":[{"id":3269,"href":"https:\/\/alliance-animale.ch\/de\/wp-json\/wp\/v2\/pages\/2849\/revisions\/3269"}],"wp:attachment":[{"href":"https:\/\/alliance-animale.ch\/de\/wp-json\/wp\/v2\/media?parent=2849"}],"curies":[{"name":"wp","href":"https:\/\/api.w.org\/{rel}","templated":true}]}}